{"id":454,"date":"2021-06-14T13:55:18","date_gmt":"2021-06-14T13:55:18","guid":{"rendered":"https:\/\/fredericmartel.com\/books\/"},"modified":"2026-03-18T15:11:06","modified_gmt":"2026-03-18T15:11:06","slug":"books","status":"publish","type":"page","link":"https:\/\/fredericmartel.com\/es\/books\/","title":{"rendered":"Libros"},"content":{"rendered":"<p><div class=\"fusion-fullwidth fullwidth-box fusion-builder-row-1 fusion-flex-container nonhundred-percent-fullwidth non-hundred-percent-height-scrolling\" style=\"background-color: rgba(255,255,255,0);background-position: center center;background-repeat: no-repeat;border-width: 0px 0px 0px 0px;border-color:#e2e2e2;border-style:solid;\" ><div class=\"fusion-builder-row fusion-row fusion-flex-align-items-flex-start\" style=\"max-width:1248px;margin-left: calc(-4% \/ 2 );margin-right: calc(-4% \/ 2 );\"><div class=\"fusion-layout-column fusion_builder_column fusion-builder-column-0 fusion_builder_column_1_1 1_1 fusion-flex-column\"><div class=\"fusion-column-wrapper fusion-flex-justify-content-flex-start fusion-content-layout-column\" style=\"background-position:left top;background-repeat:no-repeat;-webkit-background-size:cover;-moz-background-size:cover;-o-background-size:cover;background-size:cover;padding: 0px 0px 0px 0px;\"><style type=\"text\/css\">.fusion-gallery-1 .fusion-gallery-image {border:1px solid #e2e2e2;}<\/style><div class=\"fusion-gallery fusion-gallery-container fusion-grid-5 fusion-columns-total-7 fusion-gallery-layout-masonry fusion-gallery-1\" style=\"margin:-5px;\"><div class=\"fusion-grid-column fusion-gallery-column fusion-gallery-column-5 fusion-grid-sizer\"><\/div><div style=\"padding:5px;\" class=\"fusion-grid-column fusion-gallery-column fusion-gallery-column-5 fusion-element-portrait\"><div class=\"fusion-gallery-image fusion-gallery-image-liftup\"><a href=\"https:\/\/fredericmartel.com\/es\/books\/occidents\" rel=\"noreferrer\" data-rel=\"iLightbox[gallery_image_1]\" class=\"fusion-lightbox\" target=\"_self\"><div style=\"background-image:url(https:\/\/fredericmartel.com\/wp-content\/uploads\/2026\/03\/OccidentsFrontCover.png);padding-top:calc((100% + 10px) * 1.6);\" class=\"fusion-masonry-element-container\"><img src=\"https:\/\/fredericmartel.com\/wp-content\/uploads\/2026\/03\/OccidentsFrontCover.png\" width=\"1806\" height=\"2835\" alt=\"\" title=\"OccidentsFrontCover\" aria-label=\"OccidentsFrontCover\" class=\"img-responsive wp-image-1978\" srcset=\"https:\/\/fredericmartel.com\/wp-content\/uploads\/2026\/03\/OccidentsFrontCover-200x314.png 200w, https:\/\/fredericmartel.com\/wp-content\/uploads\/2026\/03\/OccidentsFrontCover-400x628.png 400w, https:\/\/fredericmartel.com\/wp-content\/uploads\/2026\/03\/OccidentsFrontCover-600x942.png 600w, https:\/\/fredericmartel.com\/wp-content\/uploads\/2026\/03\/OccidentsFrontCover-800x1256.png 800w, https:\/\/fredericmartel.com\/wp-content\/uploads\/2026\/03\/OccidentsFrontCover-1200x1884.png 1200w, https:\/\/fredericmartel.com\/wp-content\/uploads\/2026\/03\/OccidentsFrontCover.png 1806w\" sizes=\"(min-width: 2200px) 100vw, (min-width: 928px) 236px, (min-width: 856px) 295px, (min-width: 784px) 393px, (min-width: 712px) 590px, (min-width: 640px) 712px, \" \/><\/div><\/a><\/div><\/div><div style=\"padding:5px;\" class=\"fusion-grid-column fusion-gallery-column fusion-gallery-column-5 fusion-element-portrait\"><div class=\"fusion-gallery-image fusion-gallery-image-liftup\"><a href=\"https:\/\/fredericmartel.com\/es\/books\/orgullo-y-prejuicio\/\" rel=\"noreferrer\" data-rel=\"iLightbox[gallery_image_1]\" class=\"fusion-lightbox\" target=\"_self\"><div style=\"background-image:url(https:\/\/fredericmartel.com\/wp-content\/uploads\/2022\/02\/fiertes-et-prejuges.jpeg);padding-top:calc((100% + 10px) * 1.6);\" class=\"fusion-masonry-element-container\"><img src=\"https:\/\/fredericmartel.com\/wp-content\/uploads\/2022\/02\/fiertes-et-prejuges.jpeg\" width=\"351\" height=\"527\" alt=\"Fiert\u00e9s et pr\u00e9jug\u00e9s\" title=\"fiertes-et-prejuges\" aria-label=\"fiertes-et-prejuges\" class=\"img-responsive wp-image-1728\" srcset=\"https:\/\/fredericmartel.com\/wp-content\/uploads\/2022\/02\/fiertes-et-prejuges-200x300.jpeg 200w, https:\/\/fredericmartel.com\/wp-content\/uploads\/2022\/02\/fiertes-et-prejuges.jpeg 351w\" sizes=\"(min-width: 2200px) 100vw, (min-width: 928px) 236px, (min-width: 856px) 295px, (min-width: 784px) 393px, (min-width: 712px) 590px, (min-width: 640px) 712px, \" \/><\/div><\/a><\/div><\/div><div style=\"padding:5px;\" class=\"fusion-grid-column fusion-gallery-column fusion-gallery-column-5 fusion-element-portrait\"><div class=\"fusion-gallery-image fusion-gallery-image-liftup\"><a href=\"https:\/\/fredericmartel.com\/es\/books\/in-the-closet-of-the-vatican\/\" rel=\"noreferrer\" data-rel=\"iLightbox[gallery_image_1]\" class=\"fusion-lightbox\" target=\"_self\"><div style=\"background-image:url(https:\/\/fredericmartel.com\/wp-content\/uploads\/2022\/02\/sodoma.jpeg);padding-top:calc((100% + 10px) * 1.6);\" class=\"fusion-masonry-element-container\"><img src=\"https:\/\/fredericmartel.com\/wp-content\/uploads\/2022\/02\/sodoma.jpeg\" width=\"500\" height=\"783\" alt=\"Sodoma\" title=\"Sodoma\" aria-label=\"Sodoma\" class=\"img-responsive wp-image-1211\" srcset=\"https:\/\/fredericmartel.com\/wp-content\/uploads\/2022\/02\/sodoma-200x313.jpeg 200w, https:\/\/fredericmartel.com\/wp-content\/uploads\/2022\/02\/sodoma-400x626.jpeg 400w, https:\/\/fredericmartel.com\/wp-content\/uploads\/2022\/02\/sodoma.jpeg 500w\" sizes=\"(min-width: 2200px) 100vw, (min-width: 928px) 236px, (min-width: 856px) 295px, (min-width: 784px) 393px, (min-width: 712px) 590px, (min-width: 640px) 712px, \" \/><\/div><\/a><\/div><\/div><div style=\"padding:5px;\" class=\"fusion-grid-column fusion-gallery-column fusion-gallery-column-5 fusion-element-portrait\"><div class=\"fusion-gallery-image fusion-gallery-image-liftup\"><a href=\"https:\/\/fredericmartel.com\/es\/books\/smart\/\" rel=\"noreferrer\" data-rel=\"iLightbox[gallery_image_1]\" class=\"fusion-lightbox\" target=\"_self\"><div style=\"background-image:url(https:\/\/fredericmartel.com\/wp-content\/uploads\/2022\/02\/smart-es.jpeg);padding-top:calc((100% + 10px) * 1.6);\" class=\"fusion-masonry-element-container\"><img src=\"https:\/\/fredericmartel.com\/wp-content\/uploads\/2022\/02\/smart-es.jpeg\" width=\"486\" height=\"768\" alt=\"Snart\" title=\"\" aria-label=\"\" class=\"img-responsive wp-image-1657\" srcset=\"https:\/\/fredericmartel.com\/wp-content\/uploads\/2022\/02\/smart-es-200x316.jpeg 200w, https:\/\/fredericmartel.com\/wp-content\/uploads\/2022\/02\/smart-es-400x632.jpeg 400w, https:\/\/fredericmartel.com\/wp-content\/uploads\/2022\/02\/smart-es.jpeg 486w\" sizes=\"(min-width: 2200px) 100vw, (min-width: 928px) 236px, (min-width: 856px) 295px, (min-width: 784px) 393px, (min-width: 712px) 590px, (min-width: 640px) 712px, \" \/><\/div><\/a><\/div><\/div><div style=\"padding:5px;\" class=\"fusion-grid-column fusion-gallery-column fusion-gallery-column-5 fusion-element-portrait\"><div class=\"fusion-gallery-image fusion-gallery-image-liftup\"><a href=\"https:\/\/fredericmartel.com\/es\/books\/global-gay\/\" rel=\"noreferrer\" data-rel=\"iLightbox[gallery_image_1]\" class=\"fusion-lightbox\" target=\"_self\"><div style=\"background-image:url(https:\/\/fredericmartel.com\/wp-content\/uploads\/2022\/02\/global-gay-es.jpg);padding-top:calc((100% + 10px) * 1.6);\" class=\"fusion-masonry-element-container\"><img src=\"https:\/\/fredericmartel.com\/wp-content\/uploads\/2022\/02\/global-gay-es.jpg\" width=\"200\" height=\"324\" alt=\"Global Gay\" title=\"Globay Gay\" aria-label=\"Globay Gay\" class=\"img-responsive wp-image-1384\" \/><\/div><\/a><\/div><\/div><div style=\"padding:5px;\" class=\"fusion-grid-column fusion-gallery-column fusion-gallery-column-5 fusion-element-portrait\"><div class=\"fusion-gallery-image fusion-gallery-image-liftup\"><a href=\"https:\/\/fredericmartel.com\/es\/books\/mainstream\/\" rel=\"noreferrer\" data-rel=\"iLightbox[gallery_image_1]\" class=\"fusion-lightbox\" target=\"_self\"><div style=\"background-image:url(https:\/\/fredericmartel.com\/wp-content\/uploads\/2022\/02\/mainstream-1.jpeg);padding-top:calc((100% + 10px) * 1.6);\" class=\"fusion-masonry-element-container\"><img src=\"https:\/\/fredericmartel.com\/wp-content\/uploads\/2022\/02\/mainstream-1.jpeg\" width=\"650\" height=\"1044\" alt=\"Cultura Mainstream\" title=\"Cultura Mainstream\" aria-label=\"Cultura Mainstream\" class=\"img-responsive wp-image-1261\" srcset=\"https:\/\/fredericmartel.com\/wp-content\/uploads\/2022\/02\/mainstream-1-200x321.jpeg 200w, https:\/\/fredericmartel.com\/wp-content\/uploads\/2022\/02\/mainstream-1-400x642.jpeg 400w, https:\/\/fredericmartel.com\/wp-content\/uploads\/2022\/02\/mainstream-1-600x964.jpeg 600w, https:\/\/fredericmartel.com\/wp-content\/uploads\/2022\/02\/mainstream-1.jpeg 650w\" sizes=\"(min-width: 2200px) 100vw, (min-width: 928px) 236px, (min-width: 856px) 295px, (min-width: 784px) 393px, (min-width: 712px) 590px, (min-width: 640px) 712px, \" \/><\/div><\/a><\/div><\/div><div style=\"padding:5px;\" class=\"fusion-grid-column fusion-gallery-column fusion-gallery-column-5 fusion-element-portrait\"><div class=\"fusion-gallery-image fusion-gallery-image-liftup\"><a href=\"https:\/\/fredericmartel.com\/es\/books\/on-culture-in-america\/\" rel=\"noreferrer\" data-rel=\"iLightbox[gallery_image_1]\" class=\"fusion-lightbox\" target=\"_self\"><div style=\"background-image:url(https:\/\/fredericmartel.com\/wp-content\/uploads\/2021\/06\/de-la-culture-en-amerique-1.jpg);padding-top:calc((100% + 10px) * 1.6);\" class=\"fusion-masonry-element-container\"><img src=\"https:\/\/fredericmartel.com\/wp-content\/uploads\/2021\/06\/de-la-culture-en-amerique-1.jpg\" width=\"1274\" height=\"2104\" alt=\"De la culture en Am\u00e9rique\" title=\"Amerique_couv.indd, page 1 @ Preflight\" aria-label=\"Amerique_couv.indd, page 1 @ Preflight\" class=\"img-responsive wp-image-293\" srcset=\"https:\/\/fredericmartel.com\/wp-content\/uploads\/2021\/06\/de-la-culture-en-amerique-1-200x330.jpg 200w, https:\/\/fredericmartel.com\/wp-content\/uploads\/2021\/06\/de-la-culture-en-amerique-1-400x661.jpg 400w, https:\/\/fredericmartel.com\/wp-content\/uploads\/2021\/06\/de-la-culture-en-amerique-1-600x991.jpg 600w, https:\/\/fredericmartel.com\/wp-content\/uploads\/2021\/06\/de-la-culture-en-amerique-1-800x1321.jpg 800w, https:\/\/fredericmartel.com\/wp-content\/uploads\/2021\/06\/de-la-culture-en-amerique-1-1200x1982.jpg 1200w, https:\/\/fredericmartel.com\/wp-content\/uploads\/2021\/06\/de-la-culture-en-amerique-1.jpg 1274w\" sizes=\"(min-width: 2200px) 100vw, (min-width: 928px) 236px, (min-width: 856px) 295px, (min-width: 784px) 393px, (min-width: 712px) 590px, (min-width: 640px) 712px, \" \/><\/div><\/a><\/div><\/div><\/div><\/div><style type=\"text\/css\">.fusion-body .fusion-builder-column-0{width:100% !important;margin-top : 0px;margin-bottom : 66px;}.fusion-builder-column-0 > .fusion-column-wrapper {padding-top : 0px !important;padding-right : 0px !important;margin-right : 1.92%;padding-bottom : 0px !important;padding-left : 0px !important;margin-left : 1.92%;}@media only screen and (max-width:1024px) {.fusion-body .fusion-builder-column-0{width:100% !important;order : 0;}.fusion-builder-column-0 > .fusion-column-wrapper {margin-right : 1.92%;margin-left : 1.92%;}}@media only screen and (max-width:640px) {.fusion-body .fusion-builder-column-0{width:100% !important;order : 0;}.fusion-builder-column-0 > .fusion-column-wrapper {margin-right : 1.92%;margin-left : 1.92%;}}<\/style><\/div><\/div><style type=\"text\/css\">.fusion-body .fusion-flex-container.fusion-builder-row-1{ padding-top : 0px;margin-top : 0px;padding-right : 0px;padding-bottom : 0px;margin-bottom : 0px;padding-left : 0px;}<\/style><\/div><div class=\"fusion-fullwidth fullwidth-box fusion-builder-row-2 fusion-flex-container nonhundred-percent-fullwidth non-hundred-percent-height-scrolling\" style=\"background-color: rgba(255,255,255,0);background-position: center center;background-repeat: no-repeat;border-width: 0px 0px 0px 0px;border-color:#e2e2e2;border-style:solid;\" ><div class=\"fusion-builder-row fusion-row fusion-flex-align-items-flex-start\" style=\"max-width:1248px;margin-left: calc(-4% \/ 2 );margin-right: calc(-4% \/ 2 );\"><div class=\"fusion-layout-column fusion_builder_column fusion-builder-column-1 fusion_builder_column_1_1 1_1 fusion-flex-column\"><div class=\"fusion-column-wrapper fusion-flex-justify-content-flex-start fusion-content-layout-column\" style=\"background-position:left top;background-repeat:no-repeat;-webkit-background-size:cover;-moz-background-size:cover;-o-background-size:cover;background-size:cover;padding: 0px 0px 0px 0px;\"><div class=\"fusion-text fusion-text-1\"><h2>Otros libros de Fr\u00e9d\u00e9ric Martel<\/h2>\n<\/div><style type=\"text\/css\">.fusion-gallery-2 .fusion-gallery-image {border:1px solid #e2e2e2;}<\/style><div class=\"fusion-gallery fusion-gallery-container fusion-grid-6 fusion-columns-total-3 fusion-gallery-layout-masonry fusion-gallery-2\" style=\"margin:-5px;\"><div class=\"fusion-grid-column fusion-gallery-column fusion-gallery-column-6 fusion-element-portrait fusion-grid-sizer\"><\/div><div style=\"padding:5px;\" class=\"fusion-grid-column fusion-gallery-column fusion-gallery-column-6 fusion-element-portrait\"><div class=\"fusion-gallery-image fusion-gallery-image-liftup\"><a href=\"https:\/\/editions.flammarion.com\/j-aime-pas-le-sarkozysme-culturel\/9782081276932\" rel=\"noreferrer\" data-rel=\"iLightbox[gallery_image_2]\" class=\"fusion-lightbox\" target=\"_blank\"><div style=\"background-image:url(https:\/\/fredericmartel.com\/wp-content\/uploads\/2021\/06\/le-sarkozysme-culturel-scaled.jpg);padding-top:calc((100% + 10px) * 1.6);\" class=\"fusion-masonry-element-container\"><img src=\"https:\/\/fredericmartel.com\/wp-content\/uploads\/2021\/06\/le-sarkozysme-culturel-scaled.jpg\" width=\"1566\" height=\"2560\" alt=\"J&#039;aime pas le Sarkozysme culturel\" title=\"\" aria-label=\"\" class=\"img-responsive wp-image-326\" srcset=\"https:\/\/fredericmartel.com\/wp-content\/uploads\/2021\/06\/le-sarkozysme-culturel-200x327.jpg 200w, https:\/\/fredericmartel.com\/wp-content\/uploads\/2021\/06\/le-sarkozysme-culturel-400x654.jpg 400w, https:\/\/fredericmartel.com\/wp-content\/uploads\/2021\/06\/le-sarkozysme-culturel-600x981.jpg 600w, https:\/\/fredericmartel.com\/wp-content\/uploads\/2021\/06\/le-sarkozysme-culturel-800x1308.jpg 800w, https:\/\/fredericmartel.com\/wp-content\/uploads\/2021\/06\/le-sarkozysme-culturel-1200x1961.jpg 1200w, https:\/\/fredericmartel.com\/wp-content\/uploads\/2021\/06\/le-sarkozysme-culturel-scaled.jpg 1566w\" sizes=\"(min-width: 2200px) 100vw, (min-width: 1000px) 196px, (min-width: 928px) 235px, (min-width: 856px) 294px, (min-width: 784px) 392px, (min-width: 712px) 588px, (min-width: 640px) 712px, \" \/><\/div><\/a><\/div><\/div><div style=\"padding:5px;\" class=\"fusion-grid-column fusion-gallery-column fusion-gallery-column-6 fusion-element-portrait\"><div class=\"fusion-gallery-image fusion-gallery-image-liftup\"><a href=\"https:\/\/www.editionsladecouverte.fr\/theater-9782707149008\" rel=\"noreferrer\" data-rel=\"iLightbox[gallery_image_2]\" class=\"fusion-lightbox\" target=\"_blank\"><div style=\"background-image:url(https:\/\/fredericmartel.com\/wp-content\/uploads\/2022\/02\/theater.jpeg);padding-top:calc((100% + 10px) * 1.6);\" class=\"fusion-masonry-element-container\"><img src=\"https:\/\/fredericmartel.com\/wp-content\/uploads\/2022\/02\/theater.jpeg\" width=\"800\" height=\"1291\" alt=\"Theater\" title=\"theater\" aria-label=\"theater\" class=\"img-responsive wp-image-1742\" srcset=\"https:\/\/fredericmartel.com\/wp-content\/uploads\/2022\/02\/theater-200x323.jpeg 200w, https:\/\/fredericmartel.com\/wp-content\/uploads\/2022\/02\/theater-400x646.jpeg 400w, https:\/\/fredericmartel.com\/wp-content\/uploads\/2022\/02\/theater-600x968.jpeg 600w, https:\/\/fredericmartel.com\/wp-content\/uploads\/2022\/02\/theater.jpeg 800w\" sizes=\"(min-width: 2200px) 100vw, (min-width: 1000px) 196px, (min-width: 928px) 235px, (min-width: 856px) 294px, (min-width: 784px) 392px, (min-width: 712px) 588px, (min-width: 640px) 712px, \" \/><\/div><\/a><\/div><\/div><div style=\"padding:5px;\" class=\"fusion-grid-column fusion-gallery-column fusion-gallery-column-6 fusion-element-portrait\"><div class=\"fusion-gallery-image fusion-gallery-image-liftup\"><a href=\"https:\/\/www.seuil.com\/ouvrage\/le-rose-et-le-noir-frederic-martel\/9782757810552\" rel=\"noreferrer\" data-rel=\"iLightbox[gallery_image_2]\" class=\"fusion-lightbox\" target=\"_blank\"><div style=\"background-image:url(https:\/\/fredericmartel.com\/wp-content\/uploads\/2021\/06\/le-rose-et-le-noir.jpg);padding-top:calc((100% + 10px) * 1.6);\" class=\"fusion-masonry-element-container\"><img src=\"https:\/\/fredericmartel.com\/wp-content\/uploads\/2021\/06\/le-rose-et-le-noir.jpg\" width=\"1213\" height=\"2000\" alt=\"Le rose et le noir\" title=\"le-rose-et-le-noir\" aria-label=\"le-rose-et-le-noir\" class=\"img-responsive wp-image-324\" srcset=\"https:\/\/fredericmartel.com\/wp-content\/uploads\/2021\/06\/le-rose-et-le-noir-200x330.jpg 200w, https:\/\/fredericmartel.com\/wp-content\/uploads\/2021\/06\/le-rose-et-le-noir-400x660.jpg 400w, https:\/\/fredericmartel.com\/wp-content\/uploads\/2021\/06\/le-rose-et-le-noir-600x989.jpg 600w, https:\/\/fredericmartel.com\/wp-content\/uploads\/2021\/06\/le-rose-et-le-noir-800x1319.jpg 800w, https:\/\/fredericmartel.com\/wp-content\/uploads\/2021\/06\/le-rose-et-le-noir-1200x1979.jpg 1200w, https:\/\/fredericmartel.com\/wp-content\/uploads\/2021\/06\/le-rose-et-le-noir.jpg 1213w\" sizes=\"(min-width: 2200px) 100vw, (min-width: 1000px) 196px, (min-width: 928px) 235px, (min-width: 856px) 294px, (min-width: 784px) 392px, (min-width: 712px) 588px, (min-width: 640px) 712px, \" \/><\/div><\/a><\/div><\/div><\/div><\/div><style type=\"text\/css\">.fusion-body .fusion-builder-column-1{width:100% !important;margin-top : 0px;margin-bottom : 20px;}.fusion-builder-column-1 > .fusion-column-wrapper {padding-top : 0px !important;padding-right : 0px !important;margin-right : 1.92%;padding-bottom : 0px !important;padding-left : 0px !important;margin-left : 1.92%;}@media only screen and (max-width:1024px) {.fusion-body .fusion-builder-column-1{width:100% !important;order : 0;}.fusion-builder-column-1 > .fusion-column-wrapper {margin-right : 1.92%;margin-left : 1.92%;}}@media only screen and (max-width:640px) {.fusion-body .fusion-builder-column-1{width:100% !important;order : 0;}.fusion-builder-column-1 > .fusion-column-wrapper {margin-right : 1.92%;margin-left : 1.92%;}}<\/style><\/div><\/div><style type=\"text\/css\">.fusion-body .fusion-flex-container.fusion-builder-row-2{ padding-top : 0px;margin-top : 0px;padding-right : 0px;padding-bottom : 0px;margin-bottom : 0px;padding-left : 0px;}<\/style><\/div><\/p>\n","protected":false},"excerpt":{"rendered":"","protected":false},"author":1,"featured_media":0,"parent":0,"menu_order":0,"comment_status":"closed","ping_status":"closed","template":"","meta":[],"_links":{"self":[{"href":"https:\/\/fredericmartel.com\/es\/wp-json\/wp\/v2\/pages\/454"}],"collection":[{"href":"https:\/\/fredericmartel.com\/es\/wp-json\/wp\/v2\/pages"}],"about":[{"href":"https:\/\/fredericmartel.com\/es\/wp-json\/wp\/v2\/types\/page"}],"author":[{"embeddable":true,"href":"https:\/\/fredericmartel.com\/es\/wp-json\/wp\/v2\/users\/1"}],"replies":[{"embeddable":true,"href":"https:\/\/fredericmartel.com\/es\/wp-json\/wp\/v2\/comments?post=454"}],"version-history":[{"count":9,"href":"https:\/\/fredericmartel.com\/es\/wp-json\/wp\/v2\/pages\/454\/revisions"}],"predecessor-version":[{"id":2042,"href":"https:\/\/fredericmartel.com\/es\/wp-json\/wp\/v2\/pages\/454\/revisions\/2042"}],"wp:attachment":[{"href":"https:\/\/fredericmartel.com\/es\/wp-json\/wp\/v2\/media?parent=454"}],"curies":[{"name":"wp","href":"https:\/\/api.w.org\/{rel}","templated":true}]}}