{"id":356,"date":"2021-06-22T23:19:16","date_gmt":"2021-06-22T23:19:16","guid":{"rendered":"https:\/\/fredericmartel.com\/biografia\/"},"modified":"2022-03-14T07:32:49","modified_gmt":"2022-03-14T07:32:49","slug":"biografia","status":"publish","type":"page","link":"https:\/\/fredericmartel.com\/es\/biografia\/","title":{"rendered":"Biograf\u00eda"},"content":{"rendered":"<div class=\"fusion-fullwidth fullwidth-box fusion-builder-row-1 fusion-flex-container nonhundred-percent-fullwidth non-hundred-percent-height-scrolling\" style=\"background-color: rgba(255,255,255,0);background-position: center center;background-repeat: no-repeat;border-width: 0px 0px 0px 0px;border-color:#e2e2e2;border-style:solid;\" ><div class=\"fusion-builder-row fusion-row fusion-flex-align-items-flex-start\" style=\"max-width:1248px;margin-left: calc(-4% \/ 2 );margin-right: calc(-4% \/ 2 );\"><div class=\"fusion-layout-column fusion_builder_column fusion-builder-column-0 fusion_builder_column_1_3 1_3 fusion-flex-column\"><div class=\"fusion-column-wrapper fusion-flex-justify-content-flex-start fusion-content-layout-column\" style=\"background-position:left top;background-repeat:no-repeat;-webkit-background-size:cover;-moz-background-size:cover;-o-background-size:cover;background-size:cover;padding: 0px 0px 0px 0px;\"><div ><span class=\" fusion-imageframe imageframe-none imageframe-1 hover-type-none\"><img width=\"1000\" height=\"1498\" alt=\"Fr\u00e9d\u00e9ric Martel\" title=\"Frederic-Martel-portrait\" src=\"https:\/\/fredericmartel.com\/wp-content\/uploads\/2022\/02\/Frederic-Martel-portrait.png\" class=\"img-responsive wp-image-1782\" srcset=\"https:\/\/fredericmartel.com\/wp-content\/uploads\/2022\/02\/Frederic-Martel-portrait-200x300.png 200w, https:\/\/fredericmartel.com\/wp-content\/uploads\/2022\/02\/Frederic-Martel-portrait-400x599.png 400w, https:\/\/fredericmartel.com\/wp-content\/uploads\/2022\/02\/Frederic-Martel-portrait-600x899.png 600w, https:\/\/fredericmartel.com\/wp-content\/uploads\/2022\/02\/Frederic-Martel-portrait-800x1198.png 800w, https:\/\/fredericmartel.com\/wp-content\/uploads\/2022\/02\/Frederic-Martel-portrait.png 1000w\" sizes=\"(max-width: 640px) 100vw, 400px\" \/><\/span><\/div><\/div><style type=\"text\/css\">.fusion-body .fusion-builder-column-0{width:33.333333333333% !important;margin-top : 0px;margin-bottom : 20px;}.fusion-builder-column-0 > .fusion-column-wrapper {padding-top : 0px !important;padding-right : 0px !important;margin-right : 5.76%;padding-bottom : 0px !important;padding-left : 0px !important;margin-left : 5.76%;}@media only screen and (max-width:1024px) {.fusion-body .fusion-builder-column-0{width:33.333333333333% !important;order : 0;}.fusion-builder-column-0 > .fusion-column-wrapper {margin-right : 5.76%;margin-left : 5.76%;}}@media only screen and (max-width:640px) {.fusion-body .fusion-builder-column-0{width:100% !important;order : 0;}.fusion-builder-column-0 > .fusion-column-wrapper {margin-right : 1.92%;margin-left : 1.92%;}}<\/style><\/div><div class=\"fusion-layout-column fusion_builder_column fusion-builder-column-1 fusion_builder_column_2_3 2_3 fusion-flex-column\"><div class=\"fusion-column-wrapper fusion-flex-justify-content-flex-start fusion-content-layout-column\" style=\"background-position:left top;background-repeat:no-repeat;-webkit-background-size:cover;-moz-background-size:cover;-o-background-size:cover;background-size:cover;padding: 0px 0px 0px 0px;\"><div class=\"fusion-text fusion-text-1\"><p>Escritor y periodista franc\u00e9s, Fr\u00e9d\u00e9ric Martel tiene un doctorado en ciencias sociales (tesis en la EHESS). Titular de cuatro m\u00e1steres en la Sorbona (Ciencias Sociales, Filosof\u00eda, Ciencias Pol\u00edticas y Derecho P\u00fablico), fue agregado cultural en la Embajada de Francia en Estados Unidos y en Ruman\u00eda, y ense\u00f1\u00f3 en ESSEC, HEC MBA y Sciences-Po Paris.<\/p>\n<p>Desde 2020, Fr\u00e9d\u00e9ric Martel es profesor en la Universidad ZHdK de Z\u00farich (econom\u00edas creativas), donde codirige el <a href=\"https:\/\/creativeeconomies.com\/\">Centro de Econom\u00edas Creativas de Z\u00farich<\/a> (ZCCE). Sus temas de investigaci\u00f3n son: la pol\u00edtica cultural, el <i>soft power<\/i>, las industrias creativas, las ciudades inteligentes \u2013 <i>smart cities \u2013<\/i>, el comisariado digital, clase creativa, medios de comunicaci\u00f3n e Internet. Anteriormente, fue investigador en el CERI (Sciences-Po Par\u00eds) y experto en la Comisi\u00f3n Europea, donde form\u00f3 parte del grupo de trabajo cultural del Presidente de la Comisi\u00f3n de la Uni\u00f3n Europea, \u00ab<i>New Narrative for Europe<\/i>\u00ab.<\/p>\n<p>Es autor de una docena de libros, entre ellos <i>De la<\/i><i> Culture en Am\u00e9rique<\/i> (Gallimard, 2006), <i>Cultura Mainstream. C\u00f3mo nacen los fen\u00f3menos de masas <\/i>(Espa\u00f1ol: Taurus, 2011) y <i>Smart. Internet(s): una investigaci\u00f3n<\/i> (Espa\u00f1ol: Taurus, 2014)<b>. <\/b>Estos libros se han traducido a una veintena de idiomas. Consulte los art\u00edculos en: <a href=\"http:\/\/www.newsweek.com\/americas-winning-soft-power-war-mainstream-73103\" target=\"_blank\" rel=\"noopener noreferrer\">Newsweek<\/a>, <a href=\"http:\/\/www.newyorker.com\/online\/blogs\/movies\/2010\/06\/world-series.html\" target=\"_blank\" rel=\"noopener noreferrer\">New Yorker<\/a>, <a href=\"http:\/\/www.nytimes.com\/2006\/12\/26\/books\/26martel.html\" target=\"_blank\" rel=\"noopener noreferrer\">New York Times<\/a> etc.<\/p>\n<p>Fr\u00e9d\u00e9ric Martel presenta el programa nacional de radio \u00ab<i>Soft Power<\/i>\u00ab, todos los domingos, <em>en vivo<\/em>, en Radio France (France Culture) \u2013 la Radio p\u00fablica nacional francesa. Tambi\u00e9n es reportero de Slate.fr<\/p>\n<p>Su libro <i>Sodoma: Poder y esc\u00e1ndalo en el Vaticano <\/i>(Roca, 2020) ha sido publicado en unos cincuenta pa\u00edses. El volumen, publicado con el t\u00edtulo <i>In the Closet of the Vatican<\/i> en ingl\u00e9s, es un bestseller del New York Times. Tambi\u00e9n ha sido un \u00e9xito de ventas en Francia, Italia, Espa\u00f1a, Portugal, Pa\u00edses Bajos, Polonia, Chile, M\u00e9xico, Colombia, Canad\u00e1, B\u00e9lgica y Suiza.<\/p>\n<p>Martel vive en Par\u00eds.<\/p>\n<\/div><\/div><style type=\"text\/css\">.fusion-body .fusion-builder-column-1{width:66.666666666667% !important;margin-top : 0px;margin-bottom : 20px;}.fusion-builder-column-1 > .fusion-column-wrapper {padding-top : 0px !important;padding-right : 0px !important;margin-right : 2.88%;padding-bottom : 0px !important;padding-left : 0px !important;margin-left : 2.88%;}@media only screen and (max-width:1024px) {.fusion-body .fusion-builder-column-1{width:66.666666666667% !important;order : 0;}.fusion-builder-column-1 > .fusion-column-wrapper {margin-right : 2.88%;margin-left : 2.88%;}}@media only screen and (max-width:640px) {.fusion-body .fusion-builder-column-1{width:100% !important;order : 0;}.fusion-builder-column-1 > .fusion-column-wrapper {margin-right : 1.92%;margin-left : 1.92%;}}<\/style><\/div><\/div><style type=\"text\/css\">.fusion-fullwidth.fusion-builder-row-1 a:not(.awb-custom-text-hover-color):not(.fusion-button):not(.fusion-builder-module-control):not(.fusion-social-network-icon):not(.fb-icon-element):not(.fusion-countdown-link):not(.fusion-rollover-link):not(.fusion-rollover-gallery):not(.fusion-button-bar):not(.add_to_cart_button):not(.show_details_button):not(.product_type_external):not(.fusion-view-cart):not(.fusion-quick-view):not(.fusion-rollover-title-link):not(.fusion-breadcrumb-link):hover, .fusion-fullwidth.fusion-builder-row-1 a:not(.awb-custom-text-hover-color):not(.fusion-button):not(.fusion-builder-module-control):not(.fusion-social-network-icon):not(.fb-icon-element):not(.fusion-countdown-link):not(.fusion-rollover-link):not(.fusion-rollover-gallery):not(.fusion-button-bar):not(.add_to_cart_button):not(.show_details_button):not(.product_type_external):not(.fusion-view-cart):not(.fusion-quick-view):not(.fusion-rollover-title-link):not(.fusion-breadcrumb-link):hover:before, .fusion-fullwidth.fusion-builder-row-1 a:not(.awb-custom-text-hover-color):not(.fusion-button):not(.fusion-builder-module-control):not(.fusion-social-network-icon):not(.fb-icon-element):not(.fusion-countdown-link):not(.fusion-rollover-link):not(.fusion-rollover-gallery):not(.fusion-button-bar):not(.add_to_cart_button):not(.show_details_button):not(.product_type_external):not(.fusion-view-cart):not(.fusion-quick-view):not(.fusion-rollover-title-link):not(.fusion-breadcrumb-link):hover:after {color: #d13b2e;}.fusion-fullwidth.fusion-builder-row-1 .pagination a.inactive:hover, .fusion-fullwidth.fusion-builder-row-1 .fusion-filters .fusion-filter.fusion-active a {border-color: #d13b2e;}.fusion-fullwidth.fusion-builder-row-1 .pagination .current {border-color: #d13b2e; background-color: #d13b2e;}.fusion-fullwidth.fusion-builder-row-1 .fusion-filters .fusion-filter.fusion-active a, .fusion-fullwidth.fusion-builder-row-1 .fusion-date-and-formats .fusion-format-box, .fusion-fullwidth.fusion-builder-row-1 .fusion-popover, .fusion-fullwidth.fusion-builder-row-1 .tooltip-shortcode {color: #d13b2e;}#wrapper .fusion-fullwidth.fusion-builder-row-1 .fusion-widget-area .fusion-vertical-menu-widget .menu li.current_page_ancestor > a, #wrapper .fusion-fullwidth.fusion-builder-row-1 .fusion-widget-area .fusion-vertical-menu-widget .menu li.current_page_ancestor > a:before, #wrapper .fusion-fullwidth.fusion-builder-row-1 .fusion-widget-area .fusion-vertical-menu-widget .current-menu-item > a, #wrapper .fusion-fullwidth.fusion-builder-row-1 .fusion-widget-area .fusion-vertical-menu-widget .current-menu-item > a:before, #wrapper .fusion-fullwidth.fusion-builder-row-1 .fusion-widget-area .fusion-vertical-menu-widget .current_page_item > a, #wrapper .fusion-fullwidth.fusion-builder-row-1 .fusion-widget-area .fusion-vertical-menu-widget .current_page_item > a:before {color: #d13b2e;}#wrapper .fusion-fullwidth.fusion-builder-row-1 .fusion-widget-area .widget_nav_menu .menu li.current_page_ancestor > a, #wrapper .fusion-fullwidth.fusion-builder-row-1 .fusion-widget-area .widget_nav_menu .menu li.current_page_ancestor > a:before, #wrapper .fusion-fullwidth.fusion-builder-row-1 .fusion-widget-area .widget_nav_menu .current-menu-item > a, #wrapper .fusion-fullwidth.fusion-builder-row-1 .fusion-widget-area .widget_nav_menu .current-menu-item > a:before, #wrapper .fusion-fullwidth.fusion-builder-row-1 .fusion-widget-area .widget_nav_menu .current_page_item > a, #wrapper .fusion-fullwidth.fusion-builder-row-1 .fusion-widget-area .widget_nav_menu .current_page_item > a:before {color: #d13b2e;}#wrapper .fusion-fullwidth.fusion-builder-row-1 .fusion-vertical-menu-widget .menu li.current_page_item > a { border-right-color:#d13b2e;border-left-color:#d13b2e;}#wrapper .fusion-fullwidth.fusion-builder-row-1 .fusion-widget-area .tagcloud a:hover { color: #fff; background-color: #d13b2e;border-color: #d13b2e;}#main .fusion-fullwidth.fusion-builder-row-1 .post .blog-shortcode-post-title a:hover {color: #d13b2e;}.fusion-body .fusion-flex-container.fusion-builder-row-1{ padding-top : 0px;margin-top : 0px;padding-right : 0px;padding-bottom : 0px;margin-bottom : 0px;padding-left : 0px;}<\/style><\/div>\n","protected":false},"excerpt":{"rendered":"","protected":false},"author":1,"featured_media":0,"parent":0,"menu_order":0,"comment_status":"closed","ping_status":"closed","template":"","meta":[],"_links":{"self":[{"href":"https:\/\/fredericmartel.com\/es\/wp-json\/wp\/v2\/pages\/356"}],"collection":[{"href":"https:\/\/fredericmartel.com\/es\/wp-json\/wp\/v2\/pages"}],"about":[{"href":"https:\/\/fredericmartel.com\/es\/wp-json\/wp\/v2\/types\/page"}],"author":[{"embeddable":true,"href":"https:\/\/fredericmartel.com\/es\/wp-json\/wp\/v2\/users\/1"}],"replies":[{"embeddable":true,"href":"https:\/\/fredericmartel.com\/es\/wp-json\/wp\/v2\/comments?post=356"}],"version-history":[{"count":17,"href":"https:\/\/fredericmartel.com\/es\/wp-json\/wp\/v2\/pages\/356\/revisions"}],"predecessor-version":[{"id":1904,"href":"https:\/\/fredericmartel.com\/es\/wp-json\/wp\/v2\/pages\/356\/revisions\/1904"}],"wp:attachment":[{"href":"https:\/\/fredericmartel.com\/es\/wp-json\/wp\/v2\/media?parent=356"}],"curies":[{"name":"wp","href":"https:\/\/api.w.org\/{rel}","templated":true}]}}