{"id":17,"date":"2021-06-14T13:55:45","date_gmt":"2021-06-14T13:55:45","guid":{"rendered":"https:\/\/fredericmartel.com\/?page_id=17"},"modified":"2022-02-12T11:53:57","modified_gmt":"2022-02-12T11:53:57","slug":"podcasts","status":"publish","type":"page","link":"https:\/\/fredericmartel.com\/en\/podcasts\/","title":{"rendered":"Podcasts"},"content":{"rendered":"<p><div class=\"fusion-fullwidth fullwidth-box fusion-builder-row-1 fusion-flex-container nonhundred-percent-fullwidth non-hundred-percent-height-scrolling\" style=\"background-color: rgba(255,255,255,0);background-position: center center;background-repeat: no-repeat;border-width: 0px 0px 0px 0px;border-color:#e2e2e2;border-style:solid;\" ><div class=\"fusion-builder-row fusion-row fusion-flex-align-items-flex-start\" style=\"max-width:1248px;margin-left: calc(-4% \/ 2 );margin-right: calc(-4% \/ 2 );\"><div class=\"fusion-layout-column fusion_builder_column fusion-builder-column-0 fusion_builder_column_2_3 2_3 fusion-flex-column\"><div class=\"fusion-column-wrapper fusion-flex-justify-content-flex-start fusion-content-layout-column\" style=\"background-position:left top;background-repeat:no-repeat;-webkit-background-size:cover;-moz-background-size:cover;-o-background-size:cover;background-size:cover;padding: 0px 0px 0px 0px;\"><div class=\"fusion-text fusion-text-1\"><div class=\"heading-zone-intro concept-chapo\">\n<p><strong>Le magazine des industries culturelles et du num\u00e9rique de France Culture<\/strong><\/p>\n<\/div>\n<div class=\"content-body\">\n<p>Un magazine de r\u00e9f\u00e9rence consacr\u00e9 aux industries cr\u00e9atives (cin\u00e9ma, musique, livre, jeu vid\u00e9o), aux m\u00e9dias et au num\u00e9rique. Le &#8220;soft power&#8221;, ou &#8220;pouvoir doux&#8221;, c&#8217;est l&#8217;influence internationale \u00e0 travers la culture. L&#8217;\u00e9mission donne donc la parole aux acteurs de ces industries, aux journalistes et aux chercheurs qui en d\u00e9cryptent les enjeux en France et dans le monde. Chaque semaine un grand t\u00e9moin, un reportage, l&#8217;actualit\u00e9, le &#8220;box office&#8221;.<\/p>\n<\/div>\n<\/div><\/div><style type=\"text\/css\">.fusion-body .fusion-builder-column-0{width:66.666666666667% !important;margin-top : 0px;margin-bottom : 20px;}.fusion-builder-column-0 > .fusion-column-wrapper {padding-top : 0px !important;padding-right : 0px !important;margin-right : 2.88%;padding-bottom : 0px !important;padding-left : 0px !important;margin-left : 2.88%;}@media only screen and (max-width:1024px) {.fusion-body .fusion-builder-column-0{width:66.666666666667% !important;order : 0;}.fusion-builder-column-0 > .fusion-column-wrapper {margin-right : 2.88%;margin-left : 2.88%;}}@media only screen and (max-width:640px) {.fusion-body .fusion-builder-column-0{width:100% !important;order : 0;}.fusion-builder-column-0 > .fusion-column-wrapper {margin-right : 1.92%;margin-left : 1.92%;}}<\/style><\/div><div class=\"fusion-layout-column fusion_builder_column fusion-builder-column-1 fusion_builder_column_1_3 1_3 fusion-flex-column\"><div class=\"fusion-column-wrapper fusion-flex-justify-content-flex-start fusion-content-layout-column\" style=\"background-position:left top;background-repeat:no-repeat;-webkit-background-size:cover;-moz-background-size:cover;-o-background-size:cover;background-size:cover;padding: 0px 0px 0px 0px;\"><div class=\"fusion-text fusion-text-2\"><p><a href=\"https:\/\/www.franceculture.fr\/emissions\/soft-power\" target=\"_blank\" rel=\"noopener\">Go to France Culture \/ Radio France<\/a><\/p>\n<p><a href=\"https:\/\/podcasts.apple.com\/fr\/podcast\/soft-power\/id263452503\" target=\"_blank\" rel=\"noopener\">Listen to the podcasts and subscribe<\/a><\/p>\n<\/div><\/div><style type=\"text\/css\">.fusion-body .fusion-builder-column-1{width:33.333333333333% !important;margin-top : 0px;margin-bottom : 20px;}.fusion-builder-column-1 > .fusion-column-wrapper {padding-top : 0px !important;padding-right : 0px !important;margin-right : 5.76%;padding-bottom : 0px !important;padding-left : 0px !important;margin-left : 5.76%;}@media only screen and (max-width:1024px) {.fusion-body .fusion-builder-column-1{width:33.333333333333% !important;order : 0;}.fusion-builder-column-1 > .fusion-column-wrapper {margin-right : 5.76%;margin-left : 5.76%;}}@media only screen and (max-width:640px) {.fusion-body .fusion-builder-column-1{width:100% !important;order : 0;}.fusion-builder-column-1 > .fusion-column-wrapper {margin-right : 1.92%;margin-left : 1.92%;}}<\/style><\/div><\/div><style type=\"text\/css\">.fusion-body .fusion-flex-container.fusion-builder-row-1{ padding-top : 0px;margin-top : 0px;padding-right : 0px;padding-bottom : 0px;margin-bottom : 0px;padding-left : 0px;}<\/style><\/div><div class=\"fusion-fullwidth fullwidth-box fusion-builder-row-2 fusion-flex-container nonhundred-percent-fullwidth non-hundred-percent-height-scrolling\" style=\"background-color: rgba(255,255,255,0);background-position: center center;background-repeat: no-repeat;border-width: 0px 0px 0px 0px;border-color:#e2e2e2;border-style:solid;\" ><div class=\"fusion-builder-row fusion-row fusion-flex-align-items-flex-start\" style=\"max-width:1248px;margin-left: calc(-4% \/ 2 );margin-right: calc(-4% \/ 2 );\"><div class=\"fusion-layout-column fusion_builder_column fusion-builder-column-2 fusion_builder_column_1_1 1_1 fusion-flex-column\"><div class=\"fusion-column-wrapper fusion-flex-justify-content-flex-start fusion-content-layout-column\" style=\"background-position:left top;background-repeat:no-repeat;-webkit-background-size:cover;-moz-background-size:cover;-o-background-size:cover;background-size:cover;padding: 0px 0px 0px 0px;\"><div class=\"fusion-text fusion-text-3\"><h2>Most recent episodes<\/h2>\n<\/div><\/div><style type=\"text\/css\">.fusion-body .fusion-builder-column-2{width:100% !important;margin-top : 0px;margin-bottom : 20px;}.fusion-builder-column-2 > .fusion-column-wrapper {padding-top : 0px !important;padding-right : 0px !important;margin-right : 1.92%;padding-bottom : 0px !important;padding-left : 0px !important;margin-left : 1.92%;}@media only screen and (max-width:1024px) {.fusion-body .fusion-builder-column-2{width:100% !important;order : 0;}.fusion-builder-column-2 > .fusion-column-wrapper {margin-right : 1.92%;margin-left : 1.92%;}}@media only screen and (max-width:640px) {.fusion-body .fusion-builder-column-2{width:100% !important;order : 0;}.fusion-builder-column-2 > .fusion-column-wrapper {margin-right : 1.92%;margin-left : 1.92%;}}<\/style><\/div><div class=\"fusion-layout-column fusion_builder_column fusion-builder-column-3 fusion_builder_column_1_1 1_1 fusion-flex-column\"><div class=\"fusion-column-wrapper fusion-flex-justify-content-flex-start fusion-content-layout-column\" style=\"background-position:left top;background-repeat:no-repeat;-webkit-background-size:cover;-moz-background-size:cover;-o-background-size:cover;background-size:cover;padding: 0px 0px 0px 0px;\"><div class=\"fusion-widget-area fusion-widget-area-1 fusion-content-widget-area\"><style type=\"text\/css\">.fusion-widget-area-1 {padding:0px 0px 0px 0px;}.fusion-widget-area-1 .widget h4 {color:#212934;}.fusion-widget-area-1 .widget .heading h4 {color:#212934;}.fusion-widget-area-1 .widget h4 {font-size:28px;}.fusion-widget-area-1 .widget .heading h4 {font-size:28px;}<\/style><div id=\"rss-3\" class=\"widget widget_rss\" style=\"border-style: solid;border-color:transparent;border-width:0px;\"><ul><li><a class='rsswidget' href='https:\/\/www.radiofrance.fr\/franceculture\/podcasts\/soft-power\/tot-ou-tard-une-histoire-de-l-industrie-musicale-francaise-9194063'>T\u00f4t Ou Tard, une histoire de l&#039;industrie musicale fran\u00e7aise<\/a> <span class=\"rss-date\">April 12, 2026<\/span><div class=\"rssSummary\">dur\u00e9e : 01:47:30 - Soft Power - par : Fr\u00e9d\u00e9ric Martel - Depuis 1996, le label &quot;t\u00f4t Ou tard produit des artistes bien identifi\u00e9s de la musique fran\u00e7aise contemporaine, de Vincent Delerm \u00e0 Vianney. De fait, la structure est un t\u00e9moin privil\u00e9gi\u00e9 de l&#039;industrie musicale, acteur et observateur cl\u00e9 pour raconter son \u00e9volution sur trente [&hellip;]<\/div> <cite><\/cite><\/li><li><a class='rsswidget' href='https:\/\/www.radiofrance.fr\/franceculture\/podcasts\/soft-power\/la-reputation-en-ligne-nouveau-rouage-de-l-economie-marchande-4475486'>La r\u00e9putation en ligne, nouveau rouage de l&#039;\u00e9conomie marchande<\/a> <span class=\"rss-date\">April 5, 2026<\/span><div class=\"rssSummary\">dur\u00e9e : 01:48:10 - Soft Power - par : Fr\u00e9d\u00e9ric Martel - Le monde marchand doit d\u00e9sormais composer avec une nouvelle r\u00e9alit\u00e9\u00a0: la r\u00e9putation en ligne. Entre les commentaires des usagers et la visibilit\u00e9 dans les recherches Internet (et d\u00e9sormais dans les agents d&#039;IA), celle-ci est devenue un march\u00e9 \u00e0 part enti\u00e8re. - r\u00e9alisation : [&hellip;]<\/div> <cite><\/cite><\/li><li><a class='rsswidget' href='https:\/\/www.radiofrance.fr\/franceculture\/podcasts\/soft-power\/le-luxe-levier-clinquant-de-l-influence-francaise-5163308'>Le luxe, levier clinquant de l&#039;influence fran\u00e7aise<\/a> <span class=\"rss-date\">March 29, 2026<\/span><div class=\"rssSummary\">dur\u00e9e : 01:48:20 - Soft Power - par : Fr\u00e9d\u00e9ric Martel - Louis Vuitton, Herm\u00e8s, Chanel, Dior, Cartier\u2026 Le monde du luxe fran\u00e7ais n&#039;est pas qu&#039;un simple pilier \u00e9conomique, il est aussi un important outil d&#039;influence fran\u00e7aise. Mais ce dernier doit-il s&#039;adapter, alors que la cartographie du monde de la mode \u00e9volue\u00a0? - r\u00e9alisation : [&hellip;]<\/div> <cite><\/cite><\/li><li><a class='rsswidget' href='https:\/\/www.radiofrance.fr\/franceculture\/podcasts\/soft-power\/des-cyberattaques-aux-cryptomonnaies-l-univers-agite-du-paiement-en-ligne-2141398'>Des cyberattaques aux cryptomonnaies, l&#039;univers agit\u00e9 du paiement en ligne<\/a> <span class=\"rss-date\">March 22, 2026<\/span><div class=\"rssSummary\">dur\u00e9e : 01:18:44 - Soft Power - par : Fr\u00e9d\u00e9ric Martel - D\u00e9sormais indissociable de nos pratiques financi\u00e8res, le paiement en ligne est un secteur particuli\u00e8rement agit\u00e9. Le pionnier Paypal n&#039;est plus h\u00e9g\u00e9monique, les arnaques \u00e9conomiques se multiplient et le cas des cryptomonnaies continue d&#039;interroger le secteur financier. - r\u00e9alisation : Peire Legras, Alexandra Malka [&hellip;]<\/div> <cite><\/cite><\/li><li><a class='rsswidget' href='https:\/\/www.radiofrance.fr\/franceculture\/podcasts\/soft-power\/la-bibliotheque-nationale-de-france-reflet-de-l-histoire-francaise-9881263'>La Biblioth\u00e8que nationale de France, reflet de l&#039;histoire fran\u00e7aise<\/a> <span class=\"rss-date\">March 15, 2026<\/span><div class=\"rssSummary\">dur\u00e9e : 01:18:43 - Soft Power - par : Fr\u00e9d\u00e9ric Martel - Depuis des si\u00e8cles, la Biblioth\u00e8que nationale de France archive, documente et diffuse le savoir. Mais comment fonctionne une telle institution\u00a0? Quels sont ses d\u00e9fis\u00a0? Entretien avec son pr\u00e9sident, Gilles P\u00e9cout. - r\u00e9alisation : Peire Legras, Alexandra Malka - invit\u00e9s : Gilles P\u00e9cout Pr\u00e9sident [&hellip;]<\/div> <cite><\/cite><\/li><li><a class='rsswidget' href='https:\/\/www.radiofrance.fr\/franceculture\/podcasts\/soft-power\/dans-la-tete-de-la-bpi-grand-argentier-de-l-innovation-francaise-2223233'>Dans la t\u00eate de la BPI, grand argentier de l&#039;innovation fran\u00e7aise<\/a> <span class=\"rss-date\">March 8, 2026<\/span><div class=\"rssSummary\">dur\u00e9e : 01:48:21 - Soft Power - par : Fr\u00e9d\u00e9ric Martel - Fond\u00e9e en 2012, la Banque Publique d&#039;Investissement (BPI) est devenue l&#039;un des rouages cl\u00e9 de l&#039;innovation fran\u00e7aise. Quatorze ans apr\u00e8s ses d\u00e9buts, le travail de l&#039;organisme est autant salu\u00e9 par les uns que cibl\u00e9 par les autres. Soft Power re\u00e7oit son directeur, Nicolas [&hellip;]<\/div> <cite><\/cite><\/li><li><a class='rsswidget' href='https:\/\/www.radiofrance.fr\/franceculture\/podcasts\/soft-power\/des-arnaques-telephoniques-a-la-6g-le-secteur-des-telecommunications-sous-tension-2220769'>De SFR \u00e0 la 6G, le secteur des t\u00e9l\u00e9communications sous tension<\/a> <span class=\"rss-date\">March 1, 2026<\/span><div class=\"rssSummary\">dur\u00e9e : 01:47:44 - Soft Power - par : Fr\u00e9d\u00e9ric Martel - Le monde contemporain a tiss\u00e9 sa structure relationnelle autour du t\u00e9l\u00e9phone, et fait des op\u00e9rateurs de t\u00e9l\u00e9communications des acteurs cl\u00e9 de la soci\u00e9t\u00e9. Mais les d\u00e9fis sont permanents, entre enjeux de r\u00e9gulation, changement technologique et multiplication des arnaques t\u00e9l\u00e9phoniques. - r\u00e9alisation : Peire [&hellip;]<\/div> <cite><\/cite><\/li><li><a class='rsswidget' href='https:\/\/www.radiofrance.fr\/franceculture\/podcasts\/soft-power\/soft-power-le-magazine-media-et-numerique-emission-du-dimanche-22-fevrier-2026-9909047'>L&#039;Inde, g\u00e9ant en puissance de l&#039;intelligence artificielle\u00a0?<\/a> <span class=\"rss-date\">February 22, 2026<\/span><div class=\"rssSummary\">dur\u00e9e : 01:47:58 - Soft Power - par : Fr\u00e9d\u00e9ric Martel - D\u00e9voilant une strat\u00e9gie nationale o\u00f9 se m\u00ealent objectifs de souverainet\u00e9 technologique, colonialisme num\u00e9rique, partenariats \u00e9conomiques, d\u00e9fis sociaux et environnementaux, et volont\u00e9 d&#039;\u00eatre le champion du Sud global, le sommet de l&#039;IA de New Delhi a r\u00e9v\u00e9l\u00e9 les hautes ambitions de l&#039;Inde. - r\u00e9alisation [&hellip;]<\/div> <cite><\/cite><\/li><li><a class='rsswidget' href='https:\/\/www.radiofrance.fr\/franceculture\/podcasts\/soft-power\/soft-power-le-magazine-media-et-numerique-emission-du-dimanche-15-fevrier-2026-8208131'>\u00c0 l&#039;international, le Venezuela et la guerre des r\u00e9cits<\/a> <span class=\"rss-date\">February 15, 2026<\/span><div class=\"rssSummary\">dur\u00e9e : 01:47:54 - Soft Power - par : Fr\u00e9d\u00e9ric Martel - Depuis l&#039;intervention am\u00e9ricaine au Venezuela, les r\u00e9cits sur le pays s&#039;entrechoquent, entre d\u00e9nonciation d&#039;une op\u00e9ration d&#039;ing\u00e9rence \u00e9trang\u00e8re, c\u00e9l\u00e9bration de la chute de Maduro et soutien au nouveau gouvernement. Une lutte d&#039;influence \u00e0 l&#039;int\u00e9rieur du pays, mais aussi \u00e0 l&#039;international. - r\u00e9alisation : Peire [&hellip;]<\/div> <cite><\/cite><\/li><li><a class='rsswidget' href='https:\/\/www.radiofrance.fr\/franceculture\/podcasts\/soft-power\/soft-power-le-magazine-media-et-numerique-emission-du-dimanche-08-fevrier-2026-8531360'>La solidarit\u00e9 internationale, un mod\u00e8le en p\u00e9ril\u00a0?<\/a> <span class=\"rss-date\">February 8, 2026<\/span><div class=\"rssSummary\">dur\u00e9e : 01:48:11 - Soft Power - par : Fr\u00e9d\u00e9ric Martel - Entre les coupes brutales sur l&#039;USAID op\u00e9r\u00e9es par le gouvernement Trump, et la baisse des budgets consacr\u00e9es en Europe aux institutions de d\u00e9veloppement, la solidarit\u00e9 internationale traverse une mauvaise passe. Portrait au pr\u00e9sent d&#039;un secteur contrari\u00e9, avec le directeur de l&#039;AFD. - r\u00e9alisation [&hellip;]<\/div> <cite><\/cite><\/li><li><a class='rsswidget' href='https:\/\/www.radiofrance.fr\/franceculture\/podcasts\/soft-power\/soft-power-le-magazine-media-et-numerique-emission-du-dimanche-01-fevrier-2026-3374444'>&quot;L&#039;Express&quot;, placer l&#039;Europe au c\u0153ur de son r\u00e9cit m\u00e9diatique<\/a> <span class=\"rss-date\">February 1, 2026<\/span><div class=\"rssSummary\">dur\u00e9e : 01:48:27 - Soft Power - par : Fr\u00e9d\u00e9ric Martel - Depuis des d\u00e9cennies, &quot;L&#039;Express&quot; fait r\u00e9f\u00e9rence dans le paysage m\u00e9diatique fran\u00e7ais. Mais en 2026, cet hebdomadaire d&#039;ob\u00e9dience lib\u00e9rale entend faire porter sa voix \u00e0 l&#039;\u00e9chelle europ\u00e9enne. 27 pays et 24 langues, une traduction par intelligence artificielle. Portrait d\u00e9taill\u00e9 de l&#039;Express Europe. - r\u00e9alisation [&hellip;]<\/div> <cite><\/cite><\/li><li><a class='rsswidget' href='https:\/\/www.radiofrance.fr\/franceculture\/podcasts\/soft-power\/soft-power-le-magazine-media-et-numerique-emission-du-dimanche-25-janvier-2026-2512886'>Arianespace, dans les rouages de l\u2019aventure spatiale europ\u00e9enne<\/a> <span class=\"rss-date\">January 25, 2026<\/span><div class=\"rssSummary\">dur\u00e9e : 01:48:10 - Soft Power - par : Fr\u00e9d\u00e9ric Martel - Depuis 1980, Arianespace entend repr\u00e9senter les ambitions europ\u00e9ennes sur l&#039;espace. Mais \u00e0 l&#039;heure o\u00f9 SpaceX chamboule depuis quelques ann\u00e9es le secteur, \u00e0 l&#039;\u00e8re o\u00f9 les programmes spatiaux ambitieux se multiplient dans le monde, comment le fran\u00e7ais compte-t-il rester dans la course\u00a0? - r\u00e9alisation [&hellip;]<\/div> <cite><\/cite><\/li><li><a class='rsswidget' href='https:\/\/www.radiofrance.fr\/franceculture\/podcasts\/soft-power\/le-corridor-imec-alternative-europeenne-aux-nouvelles-routes-de-la-soie-chinoise-6985952'>Le corridor IMEC, une alternative europ\u00e9enne aux Nouvelles Routes de la Soie chinoises\u00a0?<\/a> <span class=\"rss-date\">January 18, 2026<\/span><div class=\"rssSummary\">dur\u00e9e : 01:47:57 - Soft Power - par : Fr\u00e9d\u00e9ric Martel - Nouvelle route commerciale reliant l&#039;Inde au Moyen-Orient et \u00e0 l&#039;Europe, le corridor IMEC se r\u00eave comme une alternative aux Nouvelles Routes de la Soie tiss\u00e9s par le g\u00e9ant chinois. Entre ambitions immenses et d\u00e9fis gargantuesques, analyse d&#039;un projet g\u00e9opolitique majeur. - r\u00e9alisation : [&hellip;]<\/div> <cite><\/cite><\/li><li><a class='rsswidget' href='https:\/\/www.radiofrance.fr\/application-mobile-radio-france'>Retrouvez tous les \u00e9pisodes sur l\u2019appli Radio France<\/a> <span class=\"rss-date\">August 24, 2006<\/span><div class=\"rssSummary\">Retrouvez tous les \u00e9pisodes sur l\u2019appli Radio France<\/div> <cite><\/cite><\/li><\/ul><\/div><div class=\"fusion-additional-widget-content\"><\/div><\/div><\/div><style type=\"text\/css\">.fusion-body .fusion-builder-column-3{width:100% !important;margin-top : 0px;margin-bottom : 20px;}.fusion-builder-column-3 > .fusion-column-wrapper {padding-top : 0px !important;padding-right : 0px !important;margin-right : 1.92%;padding-bottom : 0px !important;padding-left : 0px !important;margin-left : 1.92%;}@media only screen and (max-width:1024px) {.fusion-body .fusion-builder-column-3{width:100% !important;order : 0;}.fusion-builder-column-3 > .fusion-column-wrapper {margin-right : 1.92%;margin-left : 1.92%;}}@media only screen and (max-width:640px) {.fusion-body .fusion-builder-column-3{width:100% !important;order : 0;}.fusion-builder-column-3 > .fusion-column-wrapper {margin-right : 1.92%;margin-left : 1.92%;}}<\/style><\/div><\/div><style type=\"text\/css\">.fusion-body .fusion-flex-container.fusion-builder-row-2{ padding-top : 0px;margin-top : 0px;padding-right : 0px;padding-bottom : 0px;margin-bottom : 0px;padding-left : 0px;}<\/style><\/div><\/p>\n","protected":false},"excerpt":{"rendered":"","protected":false},"author":1,"featured_media":0,"parent":0,"menu_order":0,"comment_status":"closed","ping_status":"closed","template":"","meta":[],"_links":{"self":[{"href":"https:\/\/fredericmartel.com\/en\/wp-json\/wp\/v2\/pages\/17"}],"collection":[{"href":"https:\/\/fredericmartel.com\/en\/wp-json\/wp\/v2\/pages"}],"about":[{"href":"https:\/\/fredericmartel.com\/en\/wp-json\/wp\/v2\/types\/page"}],"author":[{"embeddable":true,"href":"https:\/\/fredericmartel.com\/en\/wp-json\/wp\/v2\/users\/1"}],"replies":[{"embeddable":true,"href":"https:\/\/fredericmartel.com\/en\/wp-json\/wp\/v2\/comments?post=17"}],"version-history":[{"count":24,"href":"https:\/\/fredericmartel.com\/en\/wp-json\/wp\/v2\/pages\/17\/revisions"}],"predecessor-version":[{"id":1644,"href":"https:\/\/fredericmartel.com\/en\/wp-json\/wp\/v2\/pages\/17\/revisions\/1644"}],"wp:attachment":[{"href":"https:\/\/fredericmartel.com\/en\/wp-json\/wp\/v2\/media?parent=17"}],"curies":[{"name":"wp","href":"https:\/\/api.w.org\/{rel}","templated":true}]}}